{"id":104,"date":"2023-09-22T17:29:33","date_gmt":"2023-09-22T17:29:33","guid":{"rendered":"http:\/\/172.10.8.19\/?page_id=104"},"modified":"2023-09-22T17:29:33","modified_gmt":"2023-09-22T17:29:33","slug":"direccion-de-vinculacion-y-difusion","status":"publish","type":"page","link":"https:\/\/uptlax.edu.mx\/direccion-de-vinculacion-y-difusion\/","title":{"rendered":"Direcci\u00f3n de Vinculaci\u00f3n y Difusi\u00f3n"},"content":{"rendered":"\n<div class=\"wp-block-cover is-light\"><span aria-hidden=\"true\" class=\"wp-block-cover__background has-background-dim\" style=\"background-color:#b0b7b4\"><\/span><img decoding=\"async\" class=\"wp-block-cover__image-background wp-image-112\" alt=\"\" src=\"https:\/\/uptlax.edu.mx\/wp-content\/uploads\/2023\/09\/ASPECTOS-Universidad-5-min-scaled-2.jpg\" data-object-fit=\"cover\"\/><div class=\"wp-block-cover__inner-container is-layout-flow wp-block-cover-is-layout-flow\">\n<p class=\"has-x-large-font-size\"><strong><strong><mark style=\"background-color:rgba(0, 0, 0, 0)\" class=\"has-inline-color has-background-color\">VINCULACI\u00d3N<\/mark><mark style=\"background-color:rgba(0, 0, 0, 0)\" class=\"has-inline-color has-background-color\"><\/mark><\/strong><\/strong><\/p>\n<\/div><\/div>\n\n\n\n<figure class=\"wp-block-image aligncenter size-full is-resized\"><img decoding=\"async\" src=\"https:\/\/uptlax.edu.mx\/wp-content\/uploads\/2023\/10\/Vinculacion-1-2.jpg\" alt=\"\" class=\"wp-image-718\" style=\"width:133px;height:auto\"\/><\/figure>\n\n\n\n<p class=\"has-text-align-center has-heading-color-color has-text-color has-medium-font-size\">&#8220;Buscando Generar condiciones propicias para relacionar a los miembros de nuestra comunidad con los diferentes sectores de la sociedad en apoyo tanto a la labor Formativa que desarrollan los programas educativos, as\u00ed como la inserci\u00f3n Laboral &#8220;<\/p>\n\n\n\n<p class=\"has-medium-font-size\">                                                                                                                   <strong>             Objetivos<\/strong><\/p>\n\n\n\n<ul class=\"wp-block-list\">\n<li class=\"has-medium-font-size\">Atender las Necesidades de los Sectores, Publico, privado y social<\/li>\n\n\n\n<li class=\"has-medium-font-size\">Apoyar a la formaci\u00f3n de los estudiantes a trav\u00e9s de la gesti\u00f3n de  visitas Industriales y la promoci\u00f3n de espacios para estancia y estad\u00eda.<\/li>\n\n\n\n<li class=\"has-medium-font-size\">Proporcionar a estudiantes y egresados herramientas para la inserci\u00f3n laboral y la empleabilidad<\/li>\n<\/ul>\n\n\n\n<div class=\"wp-block-group is-layout-constrained wp-container-core-group-is-layout-d0f67fa2 wp-block-group-is-layout-constrained\" style=\"padding-top:var(--wp--preset--spacing--80);padding-right:var(--wp--preset--spacing--50);padding-bottom:var(--wp--preset--spacing--80);padding-left:var(--wp--preset--spacing--50)\">\n<h2 class=\"wp-block-heading has-text-align-center has-background-color has-custom-color-1-background-color has-text-color has-background has-link-color has-xx-large-font-size wp-elements-9aabd5d59a51a2ed3c274261d79235cb\"><strong><a href=\"https:\/\/uptlax.edu.mx\/index.php\/convenios-vigentes-abr-jun-2024\/\">Convenios Vigentes<\/a><\/strong><\/h2>\n<\/div>\n\n\n\n<figure class=\"wp-block-embed is-type-video is-provider-youtube wp-block-embed-youtube wp-embed-aspect-16-9 wp-has-aspect-ratio\"><div class=\"wp-block-embed__wrapper\">\n<iframe loading=\"lazy\" title=\"Direcci\u00f3n de Vinculaci\u00f3n - Universidad Polit\u00e9cnica de Tlaxcala\" width=\"500\" height=\"281\" src=\"https:\/\/www.youtube.com\/embed\/po3Uvo8IVDw?feature=oembed\" frameborder=\"0\" allow=\"accelerometer; autoplay; clipboard-write; encrypted-media; gyroscope; picture-in-picture; web-share\" referrerpolicy=\"strict-origin-when-cross-origin\" allowfullscreen><\/iframe>\n<\/div><\/figure>\n","protected":false},"excerpt":{"rendered":"<p>&#8220;Buscando Generar condiciones propicias para relacionar a los miembros de nuestra comunidad con los diferentes sectores de la sociedad en [&hellip;]<\/p>\n","protected":false},"author":1,"featured_media":0,"parent":0,"menu_order":0,"comment_status":"closed","ping_status":"closed","template":"","meta":{"site-sidebar-layout":"default","site-content-layout":"","ast-site-content-layout":"default","site-content-style":"default","site-sidebar-style":"default","ast-global-header-display":"","ast-banner-title-visibility":"","ast-main-header-display":"","ast-hfb-above-header-display":"","ast-hfb-below-header-display":"","ast-hfb-mobile-header-display":"","site-post-title":"","ast-breadcrumbs-content":"","ast-featured-img":"","footer-sml-layout":"","theme-transparent-header-meta":"","adv-header-id-meta":"","stick-header-meta":"","header-above-stick-meta":"","header-main-stick-meta":"","header-below-stick-meta":"","astra-migrate-meta-layouts":"default","ast-page-background-enabled":"default","ast-page-background-meta":{"desktop":{"background-color":"var(--ast-global-color-5)","background-image":"","background-repeat":"repeat","background-position":"center center","background-size":"auto","background-attachment":"scroll","background-type":"","background-media":"","overlay-type":"","overlay-color":"","overlay-opacity":"","overlay-gradient":""},"tablet":{"background-color":"","background-image":"","background-repeat":"repeat","background-position":"center center","background-size":"auto","background-attachment":"scroll","background-type":"","background-media":"","overlay-type":"","overlay-color":"","overlay-opacity":"","overlay-gradient":""},"mobile":{"background-color":"","background-image":"","background-repeat":"repeat","background-position":"center center","background-size":"auto","background-attachment":"scroll","background-type":"","background-media":"","overlay-type":"","overlay-color":"","overlay-opacity":"","overlay-gradient":""}},"ast-content-background-meta":{"desktop":{"background-color":"var(--ast-global-color-4)","background-image":"","background-repeat":"repeat","background-position":"center center","background-size":"auto","background-attachment":"scroll","background-type":"","background-media":"","overlay-type":"","overlay-color":"","overlay-opacity":"","overlay-gradient":""},"tablet":{"background-color":"var(--ast-global-color-4)","background-image":"","background-repeat":"repeat","background-position":"center center","background-size":"auto","background-attachment":"scroll","background-type":"","background-media":"","overlay-type":"","overlay-color":"","overlay-opacity":"","overlay-gradient":""},"mobile":{"background-color":"var(--ast-global-color-4)","background-image":"","background-repeat":"repeat","background-position":"center center","background-size":"auto","background-attachment":"scroll","background-type":"","background-media":"","overlay-type":"","overlay-color":"","overlay-opacity":"","overlay-gradient":""}},"footnotes":"[]"},"class_list":["post-104","page","type-page","status-publish","hentry"],"_links":{"self":[{"href":"https:\/\/uptlax.edu.mx\/wp-json\/wp\/v2\/pages\/104","targetHints":{"allow":["GET"]}}],"collection":[{"href":"https:\/\/uptlax.edu.mx\/wp-json\/wp\/v2\/pages"}],"about":[{"href":"https:\/\/uptlax.edu.mx\/wp-json\/wp\/v2\/types\/page"}],"author":[{"embeddable":true,"href":"https:\/\/uptlax.edu.mx\/wp-json\/wp\/v2\/users\/1"}],"replies":[{"embeddable":true,"href":"https:\/\/uptlax.edu.mx\/wp-json\/wp\/v2\/comments?post=104"}],"version-history":[{"count":0,"href":"https:\/\/uptlax.edu.mx\/wp-json\/wp\/v2\/pages\/104\/revisions"}],"wp:attachment":[{"href":"https:\/\/uptlax.edu.mx\/wp-json\/wp\/v2\/media?parent=104"}],"curies":[{"name":"wp","href":"https:\/\/api.w.org\/{rel}","templated":true}]}}