{"id":5646,"date":"2024-10-30T20:07:57","date_gmt":"2024-10-30T20:07:57","guid":{"rendered":"http:\/\/uptlax.edu.mx\/?page_id=5646"},"modified":"2024-10-30T20:07:57","modified_gmt":"2024-10-30T20:07:57","slug":"teolocholco-2024","status":"publish","type":"page","link":"https:\/\/uptlax.edu.mx\/teolocholco-2024\/","title":{"rendered":"TEOLOCHOLCO 2024"},"content":{"rendered":"\n<p class=\"has-text-align-center has-background-color has-custom-color-1-background-color has-text-color has-background has-link-color has-medium-font-size wp-elements-0b2acab250802ecddb3d3250026c9855\">Origen de la festividad de muertos en las Indias Occidentales (Ingl\u00e9s, Na\u00e1huatl y Espa\u00f1ol) <\/p>\n\n\n\n<p class=\"has-text-align-center has-background-color has-custom-color-1-background-color has-text-color has-background has-link-color has-medium-font-size wp-elements-a0ff94e5eb87840ce65a6f9cc652e9b7\">UPTx &#8211; SECTURE &#8211; Teolocholco- Tlalohcan Historiador Dr. Miguel \u00c1ngel<\/p>\n\n\n\n<figure class=\"wp-block-image size-large is-resized\"><img decoding=\"async\" src=\"https:\/\/uptlax.edu.mx\/wp-content\/uploads\/2024\/10\/WhatsApp-Image-2024-10-30-at-1.55.20-PM-2-700x1024.jpeg\" alt=\"\" class=\"wp-image-5647\" style=\"width:1295px;height:auto\"\/><\/figure>\n\n\n\n<figure class=\"wp-block-image aligncenter size-full is-resized\"><img decoding=\"async\" src=\"https:\/\/uptlax.edu.mx\/wp-content\/uploads\/2024\/10\/WhatsApp-Image-2024-10-30-at-1.53.28-PM-2.jpeg\" alt=\"\" class=\"wp-image-5643\" style=\"width:677px;height:auto\"\/><\/figure>\n","protected":false},"excerpt":{"rendered":"<p>Origen de la festividad de muertos en las Indias Occidentales (Ingl\u00e9s, Na\u00e1huatl y Espa\u00f1ol) UPTx &#8211; SECTURE &#8211; Teolocholco- Tlalohcan [&hellip;]<\/p>\n","protected":false},"author":1,"featured_media":0,"parent":0,"menu_order":0,"comment_status":"closed","ping_status":"closed","template":"","meta":{"site-sidebar-layout":"default","site-content-layout":"","ast-site-content-layout":"default","site-content-style":"default","site-sidebar-style":"default","ast-global-header-display":"","ast-banner-title-visibility":"","ast-main-header-display":"","ast-hfb-above-header-display":"","ast-hfb-below-header-display":"","ast-hfb-mobile-header-display":"","site-post-title":"","ast-breadcrumbs-content":"","ast-featured-img":"","footer-sml-layout":"","theme-transparent-header-meta":"","adv-header-id-meta":"","stick-header-meta":"","header-above-stick-meta":"","header-main-stick-meta":"","header-below-stick-meta":"","astra-migrate-meta-layouts":"default","ast-page-background-enabled":"default","ast-page-background-meta":{"desktop":{"background-color":"var(--ast-global-color-5)","background-image":"","background-repeat":"repeat","background-position":"center center","background-size":"auto","background-attachment":"scroll","background-type":"","background-media":"","overlay-type":"","overlay-color":"","overlay-opacity":"","overlay-gradient":""},"tablet":{"background-color":"","background-image":"","background-repeat":"repeat","background-position":"center center","background-size":"auto","background-attachment":"scroll","background-type":"","background-media":"","overlay-type":"","overlay-color":"","overlay-opacity":"","overlay-gradient":""},"mobile":{"background-color":"","background-image":"","background-repeat":"repeat","background-position":"center center","background-size":"auto","background-attachment":"scroll","background-type":"","background-media":"","overlay-type":"","overlay-color":"","overlay-opacity":"","overlay-gradient":""}},"ast-content-background-meta":{"desktop":{"background-color":"var(--ast-global-color-4)","background-image":"","background-repeat":"repeat","background-position":"center center","background-size":"auto","background-attachment":"scroll","background-type":"","background-media":"","overlay-type":"","overlay-color":"","overlay-opacity":"","overlay-gradient":""},"tablet":{"background-color":"var(--ast-global-color-4)","background-image":"","background-repeat":"repeat","background-position":"center center","background-size":"auto","background-attachment":"scroll","background-type":"","background-media":"","overlay-type":"","overlay-color":"","overlay-opacity":"","overlay-gradient":""},"mobile":{"background-color":"var(--ast-global-color-4)","background-image":"","background-repeat":"repeat","background-position":"center center","background-size":"auto","background-attachment":"scroll","background-type":"","background-media":"","overlay-type":"","overlay-color":"","overlay-opacity":"","overlay-gradient":""}},"footnotes":""},"class_list":["post-5646","page","type-page","status-publish","hentry"],"_links":{"self":[{"href":"https:\/\/uptlax.edu.mx\/wp-json\/wp\/v2\/pages\/5646","targetHints":{"allow":["GET"]}}],"collection":[{"href":"https:\/\/uptlax.edu.mx\/wp-json\/wp\/v2\/pages"}],"about":[{"href":"https:\/\/uptlax.edu.mx\/wp-json\/wp\/v2\/types\/page"}],"author":[{"embeddable":true,"href":"https:\/\/uptlax.edu.mx\/wp-json\/wp\/v2\/users\/1"}],"replies":[{"embeddable":true,"href":"https:\/\/uptlax.edu.mx\/wp-json\/wp\/v2\/comments?post=5646"}],"version-history":[{"count":0,"href":"https:\/\/uptlax.edu.mx\/wp-json\/wp\/v2\/pages\/5646\/revisions"}],"wp:attachment":[{"href":"https:\/\/uptlax.edu.mx\/wp-json\/wp\/v2\/media?parent=5646"}],"curies":[{"name":"wp","href":"https:\/\/api.w.org\/{rel}","templated":true}]}}